{"id":2,"date":"2016-05-10T03:48:21","date_gmt":"2016-05-10T03:48:21","guid":{"rendered":"http:\/\/neu.leibenath.com\/?page_id=2"},"modified":"2020-03-01T13:58:25","modified_gmt":"2020-03-01T13:58:25","slug":"sample-page","status":"publish","type":"page","link":"https:\/\/leibenath.com\/","title":{"rendered":"Herzlich Willkommen auf unserer Homepage!"},"content":{"rendered":"\n<div class=\"wp-block-columns has-2-columns is-layout-flex wp-container-core-columns-layout-1 wp-block-columns-is-layout-flex\">\n<div class=\"wp-block-column is-layout-flow wp-block-column-is-layout-flow\">\n<p><\/p>\n\n\n\n<p>Toll, dass du uns gefunden hast. Von Zeit zu Zeit werden wir uns vorbehalten, den Inhalt zu aktualisieren.<\/p>\n\n\n\n<p>Die Seite ist vorhalhaltlich dazu gedacht, private Biler mit euch zu teilen.<\/p>\n\n\n\n<p>Der ein oder andere n\u00fctzliche Link wird auch vorhanden sein.<\/p>\n\n\n\n<p><\/p>\n\n\n\n<p>Viel Spa\u00df w\u00fcnschen Karalene &amp; Marcel<\/p>\n<\/div>\n\n\n\n<div class=\"wp-block-column is-layout-flow wp-block-column-is-layout-flow\">\n<figure class=\"wp-block-image\"><img loading=\"lazy\" decoding=\"async\" width=\"576\" height=\"1024\" src=\"http:\/\/neu.leibenath.com\/wp-content\/uploads\/2019\/01\/KM-576x1024.jpg\" alt=\"\" class=\"wp-image-525\" srcset=\"https:\/\/leibenath.com\/wp-content\/uploads\/2019\/01\/KM-576x1024.jpg 576w, https:\/\/leibenath.com\/wp-content\/uploads\/2019\/01\/KM-169x300.jpg 169w, https:\/\/leibenath.com\/wp-content\/uploads\/2019\/01\/KM-768x1365.jpg 768w, https:\/\/leibenath.com\/wp-content\/uploads\/2019\/01\/KM.jpg 1458w\" sizes=\"(max-width: 576px) 100vw, 576px\" \/><\/figure>\n<\/div>\n<\/div>\n\n\n\n<p>Zendesk Test<\/p>\n\n\n<p><!-- Start of gessler Zendesk Widget script --><br><script id=\"ze-snippet\" src=\"https:\/\/static.zdassets.com\/ekr\/snippet.js?key=f7c86da5-7793-49ab-892a-0760b3ee64a2\"> <\/script><br><!-- End of gessler Zendesk Widget script --><\/p>\n\n\n<p>Wenn du Zendesk f\u00fcr Gessler testen m\u00f6chtest, sin hier ein paar Links:<\/p>\n\n\n\n<p><a href=\"https:\/\/gessler.zendesk.com\/hc\/de\">Wissensdatenbank<\/a><\/p>\n","protected":false},"excerpt":{"rendered":"<p>Toll, dass du uns gefunden hast. Von Zeit zu Zeit werden wir uns vorbehalten, den Inhalt zu aktualisieren. Die Seite ist vorhalhaltlich dazu gedacht, private Biler mit euch zu teilen. Der ein oder andere n\u00fctzliche Link wird auch vorhanden sein. Viel Spa\u00df w\u00fcnschen Karalene &amp; Marcel Zendesk Test Wenn du Zendesk f\u00fcr Gessler testen m\u00f6chtest, &hellip; <\/p>\n<p class=\"link-more\"><a href=\"https:\/\/leibenath.com\/\" class=\"more-link\"><span class=\"screen-reader-text\">\u201eHerzlich Willkommen auf unserer Homepage!\u201c<\/span> weiterlesen<\/a><\/p>\n","protected":false},"author":1,"featured_media":0,"parent":0,"menu_order":0,"comment_status":"closed","ping_status":"open","template":"","meta":{"footnotes":""},"_links":{"self":[{"href":"https:\/\/leibenath.com\/index.php?rest_route=\/wp\/v2\/pages\/2"}],"collection":[{"href":"https:\/\/leibenath.com\/index.php?rest_route=\/wp\/v2\/pages"}],"about":[{"href":"https:\/\/leibenath.com\/index.php?rest_route=\/wp\/v2\/types\/page"}],"author":[{"embeddable":true,"href":"https:\/\/leibenath.com\/index.php?rest_route=\/wp\/v2\/users\/1"}],"replies":[{"embeddable":true,"href":"https:\/\/leibenath.com\/index.php?rest_route=%2Fwp%2Fv2%2Fcomments&post=2"}],"version-history":[{"count":9,"href":"https:\/\/leibenath.com\/index.php?rest_route=\/wp\/v2\/pages\/2\/revisions"}],"predecessor-version":[{"id":680,"href":"https:\/\/leibenath.com\/index.php?rest_route=\/wp\/v2\/pages\/2\/revisions\/680"}],"wp:attachment":[{"href":"https:\/\/leibenath.com\/index.php?rest_route=%2Fwp%2Fv2%2Fmedia&parent=2"}],"curies":[{"name":"wp","href":"https:\/\/api.w.org\/{rel}","templated":true}]}}