{"id":34,"date":"2018-12-23T18:49:26","date_gmt":"2018-12-23T18:49:26","guid":{"rendered":"http:\/\/neu.leibenath.com\/?page_id=34"},"modified":"2023-12-22T08:32:37","modified_gmt":"2023-12-22T08:32:37","slug":"links","status":"publish","type":"page","link":"https:\/\/leibenath.com\/?page_id=34","title":{"rendered":"Links"},"content":{"rendered":"<h2><b>Alles f\u00fcr Hund und Katze<br \/>\n<\/b><\/h2>\n<p><a href=\"http:\/\/www.tierheilpraxis-fleck.de\/\" target=\"_blank\" rel=\"noopener\">Tierheilpraxis Barbara Fleck (Hom\u00f6opathie f\u00fcr Tiere)<\/a><\/p>\n<h2><b>Paragliding<\/b><\/h2>\n<p><a href=\"http:\/\/www.dhv-xc.de\/xc\/modules\/leonardo\/index.php?name=leonardo&amp;op=list_flights&amp;fltr=409889_9596.\" target=\"_blank\" rel=\"noopener\">DHV-XC (nur die Fl\u00fcge der Leibenath&#8217;s)<\/a><\/p>\n<p><a href=\"https:\/\/airtribune.com\/14157\/tracks__33543\" target=\"_blank\" rel=\"noopener\">airtribune.com (die sch\u00f6nsten zum nachfliegen)<\/a><\/p>\n","protected":false},"excerpt":{"rendered":"<p>Alles f\u00fcr Hund und Katze Tierheilpraxis Barbara Fleck (Hom\u00f6opathie f\u00fcr Tiere) Paragliding DHV-XC (nur die Fl\u00fcge der Leibenath&#8217;s) airtribune.com (die sch\u00f6nsten zum nachfliegen)<\/p>\n","protected":false},"author":1,"featured_media":0,"parent":0,"menu_order":0,"comment_status":"closed","ping_status":"closed","template":"","meta":{"footnotes":""},"_links":{"self":[{"href":"https:\/\/leibenath.com\/index.php?rest_route=\/wp\/v2\/pages\/34"}],"collection":[{"href":"https:\/\/leibenath.com\/index.php?rest_route=\/wp\/v2\/pages"}],"about":[{"href":"https:\/\/leibenath.com\/index.php?rest_route=\/wp\/v2\/types\/page"}],"author":[{"embeddable":true,"href":"https:\/\/leibenath.com\/index.php?rest_route=\/wp\/v2\/users\/1"}],"replies":[{"embeddable":true,"href":"https:\/\/leibenath.com\/index.php?rest_route=%2Fwp%2Fv2%2Fcomments&post=34"}],"version-history":[{"count":4,"href":"https:\/\/leibenath.com\/index.php?rest_route=\/wp\/v2\/pages\/34\/revisions"}],"predecessor-version":[{"id":685,"href":"https:\/\/leibenath.com\/index.php?rest_route=\/wp\/v2\/pages\/34\/revisions\/685"}],"wp:attachment":[{"href":"https:\/\/leibenath.com\/index.php?rest_route=%2Fwp%2Fv2%2Fmedia&parent=34"}],"curies":[{"name":"wp","href":"https:\/\/api.w.org\/{rel}","templated":true}]}}